{"id":11457,"date":"2022-07-15T15:36:15","date_gmt":"2022-07-15T15:36:15","guid":{"rendered":"https:\/\/boneshafm.bi\/?page_id=11457"},"modified":"2022-08-10T17:59:53","modified_gmt":"2022-08-10T17:59:53","slug":"a-propos","status":"publish","type":"page","link":"https:\/\/boneshafm.bi\/?page_id=11457","title":{"rendered":"\u00c0 propos"},"content":{"rendered":"\t\t<div data-elementor-type=\"wp-page\" data-elementor-id=\"11457\" class=\"elementor elementor-11457\">\n\t\t\t\t\t\t\t\t\t<section class=\"elementor-section elementor-top-section elementor-element elementor-element-23b3eefa elementor-section-boxed elementor-section-height-default elementor-section-height-default\" data-id=\"23b3eefa\" data-element_type=\"section\" data-settings=\"{&quot;background_background&quot;:&quot;classic&quot;}\">\n\t\t\t\t\t\t<div class=\"elementor-container elementor-column-gap-default\">\n\t\t\t\t\t<div class=\"elementor-column elementor-col-50 elementor-top-column elementor-element elementor-element-26332aab\" data-id=\"26332aab\" data-element_type=\"column\" data-settings=\"{&quot;background_background&quot;:&quot;classic&quot;}\">\n\t\t\t<div class=\"elementor-widget-wrap elementor-element-populated\">\n\t\t\t\t\t\t\t\t<div class=\"elementor-element elementor-element-506d1ca2 elementor-widget elementor-widget-text-editor\" data-id=\"506d1ca2\" data-element_type=\"widget\" data-widget_type=\"text-editor.default\">\n\t\t\t\t<div class=\"elementor-widget-container\">\n\t\t\t\t\t\t\t<p><strong>\u00a0Historique<\/strong><br \/>La Radio Bonesha FM a \u00e9t\u00e9 cr\u00e9\u00e9e le 19 F\u00e9vrier 1996 par une Association AAH(Association pour l\u2019Action Humanitaire). Elle a \u00e9t\u00e9 cr\u00e9\u00e9e en pleine crise qui secouait le Burundi.<br \/><strong>\u00a0Objectif<\/strong><br \/>\u00ab\u00a0Dialogue, R\u00e9conciliation, coh\u00e9sion et justice sociale, Promotion des Droits Humains et D\u00e9veloppement Durable, Bien-\u00eatre des Citoyens, Paix et S\u00e9curit\u00e9 pour tous\u00a0\u00bb<\/p><p><strong>Mission\u00a0<\/strong><\/p><p>Intervenir aupr\u00e8s ensemble de la population afin de pr\u00e9venir les conflits, d\u2019accompagner l\u2019effort de r\u00e9conciliation et de promouvoir des actions positives en faveur de la paix et du d\u00e9veloppement communautaire, l\u2019am\u00e9lioration du niveau de vie et de la sant\u00e9 des populations, les actions en faveur de la jeunesse, les organisations f\u00e9minines.<\/p>\t\t\t\t\t\t<\/div>\n\t\t\t\t<\/div>\n\t\t\t\t\t<\/div>\n\t\t<\/div>\n\t\t\t\t<div class=\"elementor-column elementor-col-50 elementor-top-column elementor-element elementor-element-12aaf25e\" data-id=\"12aaf25e\" data-element_type=\"column\" data-settings=\"{&quot;background_background&quot;:&quot;classic&quot;}\">\n\t\t\t<div class=\"elementor-widget-wrap elementor-element-populated\">\n\t\t\t\t\t\t\t\t<div class=\"elementor-element elementor-element-b9872dc elementor-widget elementor-widget-image\" data-id=\"b9872dc\" data-element_type=\"widget\" data-widget_type=\"image.default\">\n\t\t\t\t<div class=\"elementor-widget-container\">\n\t\t\t\t\t\t\t\t\t\t\t\t\t\t\t<img loading=\"lazy\" decoding=\"async\" width=\"512\" height=\"512\" src=\"https:\/\/boneshafm.bi\/wp-content\/uploads\/2022\/08\/BONE.jpeg\" class=\"attachment-large size-large wp-image-11661\" alt=\"\" srcset=\"https:\/\/boneshafm.bi\/wp-content\/uploads\/2022\/08\/BONE.jpeg 512w, https:\/\/boneshafm.bi\/wp-content\/uploads\/2022\/08\/BONE-300x300.jpeg 300w, https:\/\/boneshafm.bi\/wp-content\/uploads\/2022\/08\/BONE-150x150.jpeg 150w\" sizes=\"auto, (max-width: 512px) 100vw, 512px\" \/>\t\t\t\t\t\t\t\t\t\t\t\t\t\t\t<\/div>\n\t\t\t\t<\/div>\n\t\t\t\t\t<\/div>\n\t\t<\/div>\n\t\t\t\t\t\t\t<\/div>\n\t\t<\/section>\n\t\t\t\t\t\t\t<\/div>\n\t\t","protected":false},"excerpt":{"rendered":"<p>\u00a0HistoriqueLa Radio Bonesha FM a \u00e9t\u00e9 cr\u00e9\u00e9e le 19 F\u00e9vrier 1996 par une Association AAH(Association pour l\u2019Action Humanitaire). Elle a \u00e9t\u00e9 cr\u00e9\u00e9e en pleine crise qui secouait le Burundi.\u00a0Objectif\u00ab\u00a0Dialogue, R\u00e9conciliation, coh\u00e9sion et justice sociale, Promotion des Droits Humains et D\u00e9veloppement Durable, Bien-\u00eatre des Citoyens, Paix et S\u00e9curit\u00e9 pour tous\u00a0\u00bb Mission\u00a0 Intervenir aupr\u00e8s ensemble de la [&hellip;]<\/p>\n","protected":false},"author":1,"featured_media":0,"parent":0,"menu_order":0,"comment_status":"closed","ping_status":"closed","template":"elementor_header_footer","meta":{"footnotes":""},"class_list":["post-11457","page","type-page","status-publish","hentry"],"_links":{"self":[{"href":"https:\/\/boneshafm.bi\/index.php?rest_route=\/wp\/v2\/pages\/11457","targetHints":{"allow":["GET"]}}],"collection":[{"href":"https:\/\/boneshafm.bi\/index.php?rest_route=\/wp\/v2\/pages"}],"about":[{"href":"https:\/\/boneshafm.bi\/index.php?rest_route=\/wp\/v2\/types\/page"}],"author":[{"embeddable":true,"href":"https:\/\/boneshafm.bi\/index.php?rest_route=\/wp\/v2\/users\/1"}],"replies":[{"embeddable":true,"href":"https:\/\/boneshafm.bi\/index.php?rest_route=%2Fwp%2Fv2%2Fcomments&post=11457"}],"version-history":[{"count":20,"href":"https:\/\/boneshafm.bi\/index.php?rest_route=\/wp\/v2\/pages\/11457\/revisions"}],"predecessor-version":[{"id":11667,"href":"https:\/\/boneshafm.bi\/index.php?rest_route=\/wp\/v2\/pages\/11457\/revisions\/11667"}],"wp:attachment":[{"href":"https:\/\/boneshafm.bi\/index.php?rest_route=%2Fwp%2Fv2%2Fmedia&parent=11457"}],"curies":[{"name":"wp","href":"https:\/\/api.w.org\/{rel}","templated":true}]}}